{"id":161,"date":"2018-05-09T12:07:24","date_gmt":"2018-05-09T12:07:24","guid":{"rendered":"https:\/\/www.haimangiato.com\/?page_id=161"},"modified":"2018-05-11T15:10:13","modified_gmt":"2018-05-11T15:10:13","slug":"test-page","status":"publish","type":"page","link":"https:\/\/www.haimangiato.com\/pl\/test-page\/","title":{"rendered":"Test Page"},"content":{"rendered":"<p><img decoding=\"async\" src=\"http:\/\/\" alt=\"\" \/><ins datetime=\"2018-05-10T16:01:22+00:00\"><\/ins><\/p>\n<div class=\"text-center\"><img decoding=\"async\" class=\"img-responsive center-block thumbnail\" src=\"https:\/\/www.haimangiato.com\/wp-content\/themes\/haimangiato\/images\/about.jpg\" alt=\"About\" \/><\/div>\n<p><img decoding=\"async\" loading=\"lazy\" class=\"alignnone size-medium wp-image-105\" src=\"http:\/\/<img decoding=\"async\" loading=\"lazy\" src=\" alt=\"\" width=\"200\" height=\"300\" \/><\/p>\n<p><img decoding=\"async\" loading=\"lazy\" class=\"\" src=\"https:\/\/www.haimangiato.com\/wp-content\/uploads\/2018\/05\/vatican.1.jpg\" alt=\"Vatican\" width=\"755\" height=\"503\" \/><br \/>\n<img decoding=\"async\" src=\"https:\/\/www.haimangiato.com\/wp-content\/uploads\/2018\/05\/woolf.jpg\" alt=\"Foro\" \/><\/p>\n<p align=\"center\"><img decoding=\"async\" loading=\"lazy\" class=\"alignnone size-medium wp-image-103\" src=\"https:\/\/www.haimangiato.com\/wp-content\/uploads\/2018\/05\/foro-200x300.jpg\" alt=\"\" width=\"200\" height=\"300\" \/><\/p>\n<div class=\"\">\n<div class=\"col-xs-12\">\n<p align=\"centre\">\n<\/div>\n<div class=\"\"><img decoding=\"async\" loading=\"lazy\" class=\"alignnone size-medium wp-image-244\" src=\"https:\/\/www.haimangiato.com\/wp-content\/uploads\/2018\/05\/woolf-1-200x300.jpg\" alt=\"\" width=\"200\" height=\"300\" \/><\/div>\n<p><img decoding=\"async\" loading=\"lazy\" class=\"alignnone size-medium wp-image-105\" src=\"http:\/\/<img decoding=\"async\" loading=\"lazy\" src=\" alt=\"\" width=\"200\" height=\"300\" \/><\/p>\n<\/div>\n<h2>HTML Image<\/h2>\n<p>img src=&#8221;<br \/>\n<img decoding=\"async\" loading=\"lazy\" class=\"alignnone size-medium wp-image-244\" src=\"<img decoding=\"async\" loading=\"lazy\" src=\" alt=\"\" width=\"200\" height=\"300\" \/>&#8221; style=&#8221;margin: 0 auto;&#8221;><\/p>\n<p>Kuchnia rzymska jets oparta na kilku skromnych i prostych sk\u0142adnikach. Nikt nie powiedzia\u0142 \u017ce nale\u017cy do lekkich. Pomimo blisko\u015bci do morza to mi\u0119so dominuje w menu Rzymian.<\/p>\n<p>Nice mo\u017cna mie\u0107 uczty biz desert!<\/p>\n<p>Przechodzili\u015bmy przez dzielnic\u0119 \u017cydowsk\u0105 (Ghetto) tyle razy zanim odkry\u0142am jej najwi\u0119kszyskarab: \u201ctorta con ricotta e visciole\u201d, tarta z serem ricotta i wi\u015bniami. Ta ma\u0142apiekarnia na rogu, nie przyk\u0142uwaj\u0105ca za du\u017co uwagi, piecze najlepsz\u0105 tart\u0119 z ricott\u0105 i wi\u015bniami w Rzymie.<\/p>\n<p>Co za wspania\u0142y i pyszny przyk\u0142ad jedzenia \u017cydowsko &#8211; rzymskiego w sammy centrum miasta.<br \/>\nPo kilku pr\u00f3bach dopracowa\u0142am sw\u00f3j przepis na t\u0105 w\u0142a\u015bnie tart\u0119 i cieszy si\u0119 ona sukcesem w\u015br\u00f3d naszych rzymskich przyjaci\u00f3\u0142. Oczywi\u015bcie \u017ce mog\u0142am od razu kupi\u0107 ju\u017c gotowe ciasto z piekarni \u201cBoccioni\u201d i to te\u017c by\u0142by \u015bwietny deser dal nas. Ale skoro przygotowa\u0142am w\u0142asnor\u0119cznie ka\u017cde danie, zdecydowa\u0142am upiec \u201cmoj\u0105\u201d wersj\u0119 tarty\u2026. i by\u0142a pyszna,<\/p>\n<p><img decoding=\"async\" loading=\"lazy\" class=\"alignnone size-full wp-image-308\" src=\"https:\/\/www.haimangiato.com\/wp-content\/uploads\/2018\/05\/vatican.1-1-e1526050458224.jpg\" alt=\"Vatican test\" width=\"950\" height=\"634\" \/><\/p>\n<p><img decoding=\"async\" loading=\"lazy\" class=\"alignnone size-full wp-image-292\" src=\"https:\/\/www.haimangiato.com\/wp-content\/uploads\/2018\/05\/collage-e1526050554240.jpeg\" alt=\"\" width=\"950\" height=\"713\" \/><\/p>\n<p align=\"center\"><img decoding=\"async\" loading=\"lazy\" src=\"https:\/\/www.haimangiato.com\/wp-content\/uploads\/2018\/05\/carciofi.prep_.2-e1526051088982.jpg\" alt=\"\" width=\"404\" height=\"600\" class=\"alignnone size-full wp-image-112\" \/><\/p>\n<p>&nbsp;<\/p>\n<p>&nbsp;<\/p>\n<p>&nbsp;<\/p>\n<p>&nbsp;<\/p>\n<p>&nbsp;<\/p>\n<p>&nbsp;<\/p>\n<p style=\"text-align: left;\" align=\"center\"><img decoding=\"async\" loading=\"lazy\" class=\"alignnone size-full wp-image-282 alignleft\" src=\"https:\/\/www.haimangiato.com\/wp-content\/uploads\/2018\/05\/woolf-e1526040570793.jpg\" alt=\"\" width=\"360\" height=\"540\" \/> <img decoding=\"async\" loading=\"lazy\" class=\"alignnone size-full wp-image-281 alignleft\" src=\"https:\/\/www.haimangiato.com\/wp-content\/uploads\/2018\/05\/ghetto.1-1-e1526040586260.jpg\" alt=\"\" width=\"360\" height=\"540\" \/><\/p>\n<p align=\"center\">\n<p align=\"center\"><img decoding=\"async\" loading=\"lazy\" class=\"alignnone size-medium wp-image-244\" src=\"https:\/\/www.haimangiato.com\/wp-content\/uploads\/2018\/05\/woolf-1-200x300.jpg\" alt=\"\" width=\"200\" height=\"300\" \/><\/p>\n<p style=\"text-align: center;\" align=\"center\"><img decoding=\"async\" loading=\"lazy\" class=\"alignnone size-medium wp-image-243\" src=\"https:\/\/www.haimangiato.com\/wp-content\/uploads\/2018\/05\/foro-1-200x300.jpg\" alt=\"\" width=\"200\" height=\"300\" \/><\/p>\n<p align=\"center\"><img decoding=\"async\" loading=\"lazy\" class=\"alignnone size-medium wp-image-244\" src=\"https:\/\/www.haimangiato.com\/wp-content\/uploads\/2018\/05\/woolf-1-200x300.jpg\" alt=\"\" width=\"200\" height=\"300\" \/><\/p>\n<p style=\"text-align: left;\" align=\"center\"><img decoding=\"async\" loading=\"lazy\" class=\"alignleft size-full wp-image-281\" src=\"https:\/\/www.haimangiato.com\/wp-content\/uploads\/2018\/05\/ghetto.1-1-e1526040586260.jpg\" alt=\"\" width=\"360\" height=\"540\" \/> <img decoding=\"async\" loading=\"lazy\" class=\"alignleft size-full wp-image-282\" src=\"https:\/\/www.haimangiato.com\/wp-content\/uploads\/2018\/05\/woolf-e1526040570793.jpg\" alt=\"\" width=\"360\" height=\"540\" \/><\/p>\n<p style=\"text-align: left;\"><img decoding=\"async\" loading=\"lazy\" class=\"alignleft size-full wp-image-282\" src=\"https:\/\/www.haimangiato.com\/wp-content\/uploads\/2018\/05\/woolf-e1526040570793.jpg\" alt=\"\" width=\"360\" height=\"540\" \/><\/p>\n<p><img decoding=\"async\" loading=\"lazy\" class=\"alignleft size-full wp-image-281\" src=\"https:\/\/www.haimangiato.com\/wp-content\/uploads\/2018\/05\/ghetto.1-1-e1526040586260.jpg\" alt=\"\" width=\"360\" height=\"540\" \/><\/p>\n<p>[sidebyside]<br \/>\n[sidebyside-left]<img decoding=\"async\" loading=\"lazy\" class=\"alignleft size-full wp-image-282\" src=\"https:\/\/www.haimangiato.com\/wp-content\/uploads\/2018\/05\/woolf-e1526040570793.jpg\" alt=\"\" width=\"360\" height=\"540\" \/><br \/>\n[\/sidebyside-left]<br \/>\n[sidebyside-right]<img decoding=\"async\" loading=\"lazy\" class=\"alignleft size-full wp-image-281\" src=\"https:\/\/www.haimangiato.com\/wp-content\/uploads\/2018\/05\/ghetto.1-1-e1526040586260.jpg\" alt=\"\" width=\"360\" height=\"540\" \/><br \/>\n[\/sidebyside-right]<br \/>\n[\/sidebyside]<\/p>\n<p style=\"text-align: center;\"><img decoding=\"async\" loading=\"lazy\" class=\"size-large wp-image-292 aligncenter\" src=\"https:\/\/www.haimangiato.com\/wp-content\/uploads\/2018\/05\/collage-1024x768.jpeg\" alt=\"\" width=\"525\" height=\"394\" \/><\/p>\n<p style=\"text-align: center;\"><img decoding=\"async\" loading=\"lazy\" class=\"alignleft size-full wp-image-292\" src=\"https:\/\/www.haimangiato.com\/wp-content\/uploads\/2018\/05\/collage-e1526046411694.jpeg\" alt=\"\" width=\"1024\" height=\"768\" \/><\/p>\n<p style=\"text-align: center;\"><img decoding=\"async\" loading=\"lazy\" class=\"alignnone size-full wp-image-104\" src=\"https:\/\/www.haimangiato.com\/wp-content\/uploads\/2018\/05\/vatican.1.jpg\" alt=\"\" width=\"1024\" height=\"683\" srcset=\"https:\/\/www.haimangiato.com\/wp-content\/uploads\/2018\/05\/vatican.1.jpg 1024w, https:\/\/www.haimangiato.com\/wp-content\/uploads\/2018\/05\/vatican.1-300x200.jpg 300w, https:\/\/www.haimangiato.com\/wp-content\/uploads\/2018\/05\/vatican.1-768x512.jpg 768w, https:\/\/www.haimangiato.com\/wp-content\/uploads\/2018\/05\/vatican.1-359x239.jpg 359w\" sizes=\"(max-width: 767px) 89vw, (max-width: 1000px) 54vw, (max-width: 1071px) 543px, 580px\" \/><\/p>\n<p><img decoding=\"async\" loading=\"lazy\" class=\"alignnone size-full wp-image-308\" src=\"https:\/\/www.haimangiato.com\/wp-content\/uploads\/2018\/05\/vatican.1-1-e1526049902589.jpg\" alt=\"Vatican test\" width=\"1000\" height=\"667\" \/><\/p>\n<p><img decoding=\"async\" loading=\"lazy\" class=\"alignnone size-full wp-image-292\" src=\"https:\/\/www.haimangiato.com\/wp-content\/uploads\/2018\/05\/collage-e1526050009151.jpeg\" alt=\"\" width=\"1000\" height=\"750\" \/><\/p>\n","protected":false},"excerpt":{"rendered":"<p>HTML Image img src=&#8221; &#8221; style=&#8221;margin: 0 auto;&#8221;> Kuchnia rzymska jets oparta na kilku skromnych i prostych sk\u0142adnikach. Nikt nie powiedzia\u0142 \u017ce nale\u017cy do lekkich. Pomimo blisko\u015bci do morza to mi\u0119so dominuje w menu Rzymian. Nice mo\u017cna mie\u0107 uczty biz desert! Przechodzili\u015bmy przez dzielnic\u0119 \u017cydowsk\u0105 (Ghetto) tyle razy zanim odkry\u0142am jej najwi\u0119kszyskarab: \u201ctorta con ricotta &hellip; <\/p>\n<p class=\"link-more\"><a href=\"https:\/\/www.haimangiato.com\/pl\/test-page\/\" class=\"more-link\">Continue reading<span class=\"screen-reader-text\"> &#8220;Test Page&#8221;<\/span><\/a><\/p>\n","protected":false},"author":1,"featured_media":0,"parent":0,"menu_order":0,"comment_status":"closed","ping_status":"closed","template":"","meta":[],"acf":[],"aioseo_notices":[],"_links":{"self":[{"href":"https:\/\/www.haimangiato.com\/pl\/wp-json\/wp\/v2\/pages\/161"}],"collection":[{"href":"https:\/\/www.haimangiato.com\/pl\/wp-json\/wp\/v2\/pages"}],"about":[{"href":"https:\/\/www.haimangiato.com\/pl\/wp-json\/wp\/v2\/types\/page"}],"author":[{"embeddable":true,"href":"https:\/\/www.haimangiato.com\/pl\/wp-json\/wp\/v2\/users\/1"}],"replies":[{"embeddable":true,"href":"https:\/\/www.haimangiato.com\/pl\/wp-json\/wp\/v2\/comments?post=161"}],"version-history":[{"count":0,"href":"https:\/\/www.haimangiato.com\/pl\/wp-json\/wp\/v2\/pages\/161\/revisions"}],"wp:attachment":[{"href":"https:\/\/www.haimangiato.com\/pl\/wp-json\/wp\/v2\/media?parent=161"}],"curies":[{"name":"wp","href":"https:\/\/api.w.org\/{rel}","templated":true}]}}