{"id":26,"date":"2018-05-03T12:54:48","date_gmt":"2018-05-03T12:54:48","guid":{"rendered":"https:\/\/www.haimangiato.com\/?page_id=26"},"modified":"2018-12-29T12:53:34","modified_gmt":"2018-12-29T12:53:34","slug":"contact","status":"publish","type":"page","link":"https:\/\/www.haimangiato.com\/pl\/contact\/","title":{"rendered":"Kontakt"},"content":{"rendered":"<div class=\"row\">\n<div class=\"col-sm-6\">\n<p><strong>Dzi\u0119kuj\u0119 za zainteresowanie i odwiedziny.<\/strong><\/p>\n<p>Je\u015bli masz ochot\u0119 zostawi\u0107 wiadomo\u015b\u0107 \/ zada\u0107 pytanie lub po prostu powiedzie\u0107 \u201cCze\u015b\u0107\u201d, napisz do mnie na: <a href=\"mailto:aleksandra@haimangiato.com\">aleksandra@haimangiato.com<\/a><br \/>\nMo\u017cesz mnie r\u00f3wnie\u017c znale\u017a\u0107 na <a href=\"https:\/\/www.instagram.com\/a_karmowska\/\" target=\"_blank\" rel=\"noopener\">Instagram.<\/a>, <a href=\"https:\/\/www.facebook.com\/haimangiato\/\" target=\"_blank\" rel=\"noopener\">Facebook<\/a> i <a href=\"https:\/\/www.pinterest.co.uk\/a_karmowska\/\" target=\"_blank\" rel=\"noopener\">Pinterest<\/a><\/p>\n<\/div>\n<div class=\"col-sm-6\"><img decoding=\"async\" class=\"img-responsive center-block thumbnail\" src=\"https:\/\/www.haimangiato.com\/wp-content\/themes\/haimangiato\/images\/6me.jpg\" alt=\"Contact\" \/><\/div>\n<\/div>\n<h3>KONTAKT<\/h3>\n<div class=\"wpcf7 no-js\" id=\"wpcf7-f653-o1\" lang=\"en-US\" dir=\"ltr\">\n<div class=\"screen-reader-response\"><p role=\"status\" aria-live=\"polite\" aria-atomic=\"true\"><\/p> <ul><\/ul><\/div>\n<form action=\"\/pl\/wp-json\/wp\/v2\/pages\/26#wpcf7-f653-o1\" method=\"post\" class=\"wpcf7-form init\" aria-label=\"Contact form\" novalidate=\"novalidate\" data-status=\"init\">\n<div style=\"display: none;\">\n<input type=\"hidden\" name=\"_wpcf7\" value=\"653\" \/>\n<input type=\"hidden\" name=\"_wpcf7_version\" value=\"5.7.2\" \/>\n<input type=\"hidden\" name=\"_wpcf7_locale\" value=\"en_US\" \/>\n<input type=\"hidden\" name=\"_wpcf7_unit_tag\" value=\"wpcf7-f653-o1\" \/>\n<input type=\"hidden\" name=\"_wpcf7_container_post\" value=\"0\" \/>\n<input type=\"hidden\" name=\"_wpcf7_posted_data_hash\" value=\"\" \/>\n<input type=\"hidden\" name=\"_wpcf7_recaptcha_response\" value=\"\" \/>\n<\/div>\n<div class=\"form-group\">\n\t<p><span class=\"wpcf7-form-control-wrap\" data-name=\"text-name\"><input size=\"40\" class=\"wpcf7-form-control wpcf7-text wpcf7-validates-as-required form-control\" id=\"text-name\" aria-required=\"true\" aria-invalid=\"false\" placeholder=\"Your Name\" value=\"\" type=\"text\" name=\"text-name\" \/><\/span>\n\t<\/p>\n<\/div>\n<div class=\"form-group\">\n\t<p><span class=\"wpcf7-form-control-wrap\" data-name=\"email-451\"><input size=\"40\" class=\"wpcf7-form-control wpcf7-text wpcf7-email wpcf7-validates-as-required wpcf7-validates-as-email form-control\" id=\"email-451\" aria-required=\"true\" aria-invalid=\"false\" placeholder=\"Email\" value=\"\" type=\"email\" name=\"email-451\" \/><\/span>\n\t<\/p>\n<\/div>\n<div class=\"form-group\">\n\t<p><span class=\"wpcf7-form-control-wrap\" data-name=\"tel-372\"><input size=\"40\" class=\"wpcf7-form-control wpcf7-text wpcf7-tel wpcf7-validates-as-required wpcf7-validates-as-tel form-control\" id=\"tel-372\" aria-required=\"true\" aria-invalid=\"false\" placeholder=\"Telephone\" value=\"\" type=\"tel\" name=\"tel-372\" \/><\/span>\n\t<\/p>\n<\/div>\n<div class=\"form-group\">\n\t<p><span class=\"wpcf7-form-control-wrap\" data-name=\"textarea-741\"><textarea cols=\"40\" rows=\"10\" class=\"wpcf7-form-control wpcf7-textarea wpcf7-validates-as-required form-control\" id=\"textarea-741\" aria-required=\"true\" aria-invalid=\"false\" placeholder=\"Message\" name=\"textarea-741\"><\/textarea><\/span>\n\t<\/p>\n<\/div>\n<div class=\"form-group\">\n\n<\/div>\n<div class=\"form-group\">\n\t<p><input class=\"wpcf7-form-control has-spinner wpcf7-submit btn btn-danger\" id=\"submit\" type=\"submit\" value=\"Submit\" \/>\n\t<\/p>\n<\/div><div class=\"wpcf7-response-output\" aria-hidden=\"true\"><\/div><\/form><\/div>\n","protected":false},"excerpt":{"rendered":"<p>Dzi\u0119kuj\u0119 za zainteresowanie i odwiedziny. Je\u015bli masz ochot\u0119 zostawi\u0107 wiadomo\u015b\u0107 \/ zada\u0107 pytanie lub po prostu powiedzie\u0107 \u201cCze\u015b\u0107\u201d, napisz do mnie na: aleksandra@haimangiato.com Mo\u017cesz mnie r\u00f3wnie\u017c znale\u017a\u0107 na Instagram., Facebook i Pinterest KONTAKT<\/p>\n","protected":false},"author":1,"featured_media":0,"parent":0,"menu_order":0,"comment_status":"closed","ping_status":"closed","template":"","meta":[],"acf":[],"aioseo_notices":[],"_links":{"self":[{"href":"https:\/\/www.haimangiato.com\/pl\/wp-json\/wp\/v2\/pages\/26"}],"collection":[{"href":"https:\/\/www.haimangiato.com\/pl\/wp-json\/wp\/v2\/pages"}],"about":[{"href":"https:\/\/www.haimangiato.com\/pl\/wp-json\/wp\/v2\/types\/page"}],"author":[{"embeddable":true,"href":"https:\/\/www.haimangiato.com\/pl\/wp-json\/wp\/v2\/users\/1"}],"replies":[{"embeddable":true,"href":"https:\/\/www.haimangiato.com\/pl\/wp-json\/wp\/v2\/comments?post=26"}],"version-history":[{"count":0,"href":"https:\/\/www.haimangiato.com\/pl\/wp-json\/wp\/v2\/pages\/26\/revisions"}],"wp:attachment":[{"href":"https:\/\/www.haimangiato.com\/pl\/wp-json\/wp\/v2\/media?parent=26"}],"curies":[{"name":"wp","href":"https:\/\/api.w.org\/{rel}","templated":true}]}}